{"id":3,"date":"2020-12-11T11:30:19","date_gmt":"2020-12-11T11:30:19","guid":{"rendered":"https:\/\/castrosinn.com\/?page_id=3"},"modified":"2026-02-24T17:26:45","modified_gmt":"2026-02-24T17:26:45","slug":"politica-privacidade","status":"publish","type":"page","link":"https:\/\/alalgarverentals.com\/pt\/politica-privacidade\/","title":{"rendered":"Pol\u00edtica de privacidade"},"content":{"rendered":"<p class=\"p1\"><span class=\"s1\">A <b>Dandy Dog Rentals<\/b> compromete-se a proteger a privacidade dos utilizadores do seu website.<br \/>Os dados pessoais recolhidos (como nome, email, telefone ou dados de reserva) s\u00e3o utilizados exclusivamente para gest\u00e3o de reservas, comunica\u00e7\u00e3o com o cliente e presta\u00e7\u00e3o dos servi\u00e7os solicitados.<\/span><\/p>\r\n<p class=\"p1\"><span class=\"s1\">Os dados n\u00e3o ser\u00e3o vendidos ou partilhados com terceiros, exceto quando necess\u00e1rio para a execu\u00e7\u00e3o do servi\u00e7o ou cumprimento de obriga\u00e7\u00f5es legais.<br \/>O utilizador tem o direito de aceder, retificar ou solicitar a elimina\u00e7\u00e3o dos seus dados pessoais, nos termos da legisla\u00e7\u00e3o em vigor.<\/span><\/p>","protected":false},"excerpt":{"rendered":"<p>A Dandy Dog Rentals compromete-se a proteger a privacidade dos utilizadores do seu website.Os dados pessoais recolhidos (como nome, email, telefone ou dados de reserva) s\u00e3o utilizados exclusivamente para gest\u00e3o de reservas, comunica\u00e7\u00e3o com o cliente e presta\u00e7\u00e3o dos servi\u00e7os solicitados. Os dados n\u00e3o ser\u00e3o vendidos ou partilhados com terceiros, exceto quando necess\u00e1rio para a [&hellip;]<\/p>\n","protected":false},"author":1,"featured_media":0,"parent":0,"menu_order":0,"comment_status":"closed","ping_status":"open","template":"","meta":{"inline_featured_image":false,"_joinchat":[]},"_links":{"self":[{"href":"https:\/\/alalgarverentals.com\/pt\/wp-json\/wp\/v2\/pages\/3"}],"collection":[{"href":"https:\/\/alalgarverentals.com\/pt\/wp-json\/wp\/v2\/pages"}],"about":[{"href":"https:\/\/alalgarverentals.com\/pt\/wp-json\/wp\/v2\/types\/page"}],"author":[{"embeddable":true,"href":"https:\/\/alalgarverentals.com\/pt\/wp-json\/wp\/v2\/users\/1"}],"replies":[{"embeddable":true,"href":"https:\/\/alalgarverentals.com\/pt\/wp-json\/wp\/v2\/comments?post=3"}],"version-history":[{"count":2,"href":"https:\/\/alalgarverentals.com\/pt\/wp-json\/wp\/v2\/pages\/3\/revisions"}],"predecessor-version":[{"id":3188,"href":"https:\/\/alalgarverentals.com\/pt\/wp-json\/wp\/v2\/pages\/3\/revisions\/3188"}],"wp:attachment":[{"href":"https:\/\/alalgarverentals.com\/pt\/wp-json\/wp\/v2\/media?parent=3"}],"curies":[{"name":"wp","href":"https:\/\/api.w.org\/{rel}","templated":true}]}}