{"id":2302,"date":"2021-02-10T16:06:46","date_gmt":"2021-02-10T16:06:46","guid":{"rendered":"https:\/\/castrosinn.com\/?page_id=2302"},"modified":"2026-02-24T17:24:19","modified_gmt":"2026-02-24T17:24:19","slug":"terms-and-conditions","status":"publish","type":"page","link":"https:\/\/alalgarverentals.com\/pt\/terms-and-conditions\/","title":{"rendered":"Termos e condi\u00e7\u00f5es"},"content":{"rendered":"<p>[vc_row][vc_column][vc_column_text]<\/p>\r\n<p class=\"p1\"><span class=\"s1\">Ao utilizar este website e efetuar uma reserva com a <b>Dandy Dog Rentals<\/b>, o utilizador aceita os presentes Termos e Condi\u00e7\u00f5es.<br \/>As reservas est\u00e3o sujeitas a disponibilidade e confirma\u00e7\u00e3o. As condi\u00e7\u00f5es de pagamento e cancelamento s\u00e3o apresentadas no momento da reserva.<br \/>Os im\u00f3veis destinam-se exclusivamente a alojamento tur\u00edstico.<br \/>A Dandy Dog Rentals n\u00e3o se responsabiliza por perdas, danos ou acidentes durante a estadia, exceto nos casos previstos por lei.<br \/>Servi\u00e7os adicionais s\u00e3o prestados por parceiros externos.<br \/>Aplica-se a lei portuguesa.<\/span><\/p>\r\n<p>[\/vc_column_text][\/vc_column][\/vc_row]<\/p>","protected":false},"excerpt":{"rendered":"<p>[vc_row][vc_column][vc_column_text] Ao utilizar este website e efetuar uma reserva com a Dandy Dog Rentals, o utilizador aceita os presentes Termos e Condi\u00e7\u00f5es.As reservas est\u00e3o sujeitas a disponibilidade e confirma\u00e7\u00e3o. As condi\u00e7\u00f5es de pagamento e cancelamento s\u00e3o apresentadas no momento da reserva.Os im\u00f3veis destinam-se exclusivamente a alojamento tur\u00edstico.A Dandy Dog Rentals n\u00e3o se responsabiliza por perdas, [&hellip;]<\/p>\n","protected":false},"author":1,"featured_media":0,"parent":0,"menu_order":0,"comment_status":"closed","ping_status":"open","template":"","meta":{"inline_featured_image":false,"_joinchat":[]},"_links":{"self":[{"href":"https:\/\/alalgarverentals.com\/pt\/wp-json\/wp\/v2\/pages\/2302"}],"collection":[{"href":"https:\/\/alalgarverentals.com\/pt\/wp-json\/wp\/v2\/pages"}],"about":[{"href":"https:\/\/alalgarverentals.com\/pt\/wp-json\/wp\/v2\/types\/page"}],"author":[{"embeddable":true,"href":"https:\/\/alalgarverentals.com\/pt\/wp-json\/wp\/v2\/users\/1"}],"replies":[{"embeddable":true,"href":"https:\/\/alalgarverentals.com\/pt\/wp-json\/wp\/v2\/comments?post=2302"}],"version-history":[{"count":2,"href":"https:\/\/alalgarverentals.com\/pt\/wp-json\/wp\/v2\/pages\/2302\/revisions"}],"predecessor-version":[{"id":3187,"href":"https:\/\/alalgarverentals.com\/pt\/wp-json\/wp\/v2\/pages\/2302\/revisions\/3187"}],"wp:attachment":[{"href":"https:\/\/alalgarverentals.com\/pt\/wp-json\/wp\/v2\/media?parent=2302"}],"curies":[{"name":"wp","href":"https:\/\/api.w.org\/{rel}","templated":true}]}}