{"id":3,"date":"2020-12-11T11:30:19","date_gmt":"2020-12-11T11:30:19","guid":{"rendered":"https:\/\/castrosinn.com\/?page_id=3"},"modified":"2026-02-24T17:26:45","modified_gmt":"2026-02-24T17:26:45","slug":"politica-privacidade","status":"publish","type":"page","link":"https:\/\/alalgarverentals.com\/fr\/politica-privacidade\/","title":{"rendered":"Politique de confidentialit\u00e9"},"content":{"rendered":"<p class=\"p1\"><span class=\"s1\"><b>Dandy Dog Rentals<\/b> s\u2019engage \u00e0 prot\u00e9ger la vie priv\u00e9e des utilisateurs de son site internet.<br \/>Les donn\u00e9es personnelles collect\u00e9es (nom, email, t\u00e9l\u00e9phone ou informations de r\u00e9servation) sont utilis\u00e9es uniquement pour la gestion des r\u00e9servations et la communication avec les clients.<\/span><\/p>\r\n<p class=\"p1\"><span class=\"s1\">Les donn\u00e9es ne sont ni vendues ni partag\u00e9es avec des tiers, sauf si n\u00e9cessaire \u00e0 la fourniture du service ou pour des obligations l\u00e9gales.<br \/>Conform\u00e9ment \u00e0 la loi, l\u2019utilisateur peut demander l\u2019acc\u00e8s, la rectification ou la suppression de ses donn\u00e9es.<\/span><\/p>","protected":false},"excerpt":{"rendered":"<p>Dandy Dog Rentals s\u2019engage \u00e0 prot\u00e9ger la vie priv\u00e9e des utilisateurs de son site internet.Les donn\u00e9es personnelles collect\u00e9es (nom, email, t\u00e9l\u00e9phone ou informations de r\u00e9servation) sont utilis\u00e9es uniquement pour la gestion des r\u00e9servations et la communication avec les clients. Les donn\u00e9es ne sont ni vendues ni partag\u00e9es avec des tiers, sauf si n\u00e9cessaire \u00e0 la [&hellip;]<\/p>\n","protected":false},"author":1,"featured_media":0,"parent":0,"menu_order":0,"comment_status":"closed","ping_status":"open","template":"","meta":{"inline_featured_image":false,"_joinchat":[]},"_links":{"self":[{"href":"https:\/\/alalgarverentals.com\/fr\/wp-json\/wp\/v2\/pages\/3"}],"collection":[{"href":"https:\/\/alalgarverentals.com\/fr\/wp-json\/wp\/v2\/pages"}],"about":[{"href":"https:\/\/alalgarverentals.com\/fr\/wp-json\/wp\/v2\/types\/page"}],"author":[{"embeddable":true,"href":"https:\/\/alalgarverentals.com\/fr\/wp-json\/wp\/v2\/users\/1"}],"replies":[{"embeddable":true,"href":"https:\/\/alalgarverentals.com\/fr\/wp-json\/wp\/v2\/comments?post=3"}],"version-history":[{"count":2,"href":"https:\/\/alalgarverentals.com\/fr\/wp-json\/wp\/v2\/pages\/3\/revisions"}],"predecessor-version":[{"id":3188,"href":"https:\/\/alalgarverentals.com\/fr\/wp-json\/wp\/v2\/pages\/3\/revisions\/3188"}],"wp:attachment":[{"href":"https:\/\/alalgarverentals.com\/fr\/wp-json\/wp\/v2\/media?parent=3"}],"curies":[{"name":"wp","href":"https:\/\/api.w.org\/{rel}","templated":true}]}}