{"id":2302,"date":"2021-02-10T16:06:46","date_gmt":"2021-02-10T16:06:46","guid":{"rendered":"https:\/\/castrosinn.com\/?page_id=2302"},"modified":"2026-02-24T17:24:19","modified_gmt":"2026-02-24T17:24:19","slug":"terms-and-conditions","status":"publish","type":"page","link":"https:\/\/alalgarverentals.com\/fr\/terms-and-conditions\/","title":{"rendered":"Conditions G\u00e9n\u00e9rales"},"content":{"rendered":"<p>[vc_row][vc_column][vc_column_text]<\/p>\r\n<p class=\"p1\"><span class=\"s1\">En utilisant ce site et en effectuant une r\u00e9servation avec <b>Dandy Dog Rentals<\/b>, vous acceptez les pr\u00e9sentes conditions.<br \/>Les r\u00e9servations sont soumises \u00e0 disponibilit\u00e9 et confirmation. Les conditions de paiement et d\u2019annulation sont communiqu\u00e9es lors de la r\u00e9servation.<br \/>Les logements sont destin\u00e9s uniquement \u00e0 un usage touristique.<br \/>Dandy Dog Rentals d\u00e9cline toute responsabilit\u00e9 sauf obligation l\u00e9gale.<br \/>Les services compl\u00e9mentaires sont fournis par des partenaires tiers.<br \/>Le droit portugais s\u2019applique.<\/span><\/p>\r\n<p>[\/vc_column_text][\/vc_column][\/vc_row]<\/p>","protected":false},"excerpt":{"rendered":"<p>[vc_row][vc_column][vc_column_text] En utilisant ce site et en effectuant une r\u00e9servation avec Dandy Dog Rentals, vous acceptez les pr\u00e9sentes conditions.Les r\u00e9servations sont soumises \u00e0 disponibilit\u00e9 et confirmation. Les conditions de paiement et d\u2019annulation sont communiqu\u00e9es lors de la r\u00e9servation.Les logements sont destin\u00e9s uniquement \u00e0 un usage touristique.Dandy Dog Rentals d\u00e9cline toute responsabilit\u00e9 sauf obligation l\u00e9gale.Les services [&hellip;]<\/p>\n","protected":false},"author":1,"featured_media":0,"parent":0,"menu_order":0,"comment_status":"closed","ping_status":"open","template":"","meta":{"inline_featured_image":false,"_joinchat":[]},"_links":{"self":[{"href":"https:\/\/alalgarverentals.com\/fr\/wp-json\/wp\/v2\/pages\/2302"}],"collection":[{"href":"https:\/\/alalgarverentals.com\/fr\/wp-json\/wp\/v2\/pages"}],"about":[{"href":"https:\/\/alalgarverentals.com\/fr\/wp-json\/wp\/v2\/types\/page"}],"author":[{"embeddable":true,"href":"https:\/\/alalgarverentals.com\/fr\/wp-json\/wp\/v2\/users\/1"}],"replies":[{"embeddable":true,"href":"https:\/\/alalgarverentals.com\/fr\/wp-json\/wp\/v2\/comments?post=2302"}],"version-history":[{"count":2,"href":"https:\/\/alalgarverentals.com\/fr\/wp-json\/wp\/v2\/pages\/2302\/revisions"}],"predecessor-version":[{"id":3187,"href":"https:\/\/alalgarverentals.com\/fr\/wp-json\/wp\/v2\/pages\/2302\/revisions\/3187"}],"wp:attachment":[{"href":"https:\/\/alalgarverentals.com\/fr\/wp-json\/wp\/v2\/media?parent=2302"}],"curies":[{"name":"wp","href":"https:\/\/api.w.org\/{rel}","templated":true}]}}