{"id":1292,"date":"2018-10-25T15:26:09","date_gmt":"2018-10-25T15:26:09","guid":{"rendered":"http:\/\/wordpress-89239-751427.cloudwaysapps.com\/?page_id=1292"},"modified":"2026-02-26T15:13:33","modified_gmt":"2026-02-26T15:13:33","slug":"about-homey","status":"publish","type":"page","link":"https:\/\/alalgarverentals.com\/fr\/about-homey\/","title":{"rendered":"About Homey"},"content":{"rendered":"<p>[vc_row css=&#8221;.vc_custom_1540484653733{margin-bottom: 30px !important;padding-right: 30px !important;padding-left: 30px !important;background-color: #ffffff !important;}&#8221;][vc_column][vc_row_inner][vc_column_inner][vc_column_text]<\/p>\n<p class=\"p1\"><span class=\"s1\">Chez <b>Dandy Dog Rentals<\/b>, nous b\u00e9n\u00e9ficions de <b>plus de 15 ans d\u2019exp\u00e9rience dans la location de maisons de vacances<\/b>, offrant des s\u00e9jours confortables, fiables et sans souci. Depuis de nombreuses ann\u00e9es, nous aidons nos clients \u00e0 d\u00e9couvrir l\u2019Algarve en toute s\u00e9r\u00e9nit\u00e9.<\/span><\/p>\n<p class=\"p1\"><span class=\"s1\">Chaque propri\u00e9t\u00e9 est s\u00e9lectionn\u00e9e avec soin, en tenant compte du confort, de l\u2019emplacement et des d\u00e9tails essentiels. Que ce soit pour une escapade, des vacances en famille ou un s\u00e9jour prolong\u00e9, notre priorit\u00e9 est que vous vous sentiez chez vous d\u00e8s votre arriv\u00e9e.<\/span><\/p>\n<p>[\/vc_column_text][vc_empty_space][vc_column_text]<\/p>\n<p class=\"p1\"><span class=\"s1\">Pour enrichir votre s\u00e9jour, nous proposons \u00e9galement <b>des services compl\u00e9mentaires<\/b>, tels que :<\/span><\/p>\n<ul>\n<li class=\"li1\"><span class=\"s1\">Transferts depuis et vers l\u2019a\u00e9roport<\/span><\/li>\n<li class=\"li1\"><span class=\"s1\">Transferts vers les march\u00e9s locaux et visites des villes de l\u2019Algarve<\/span><\/li>\n<li class=\"li1\"><span class=\"s1\">Organisation d\u2019excursions et d\u2019exp\u00e9riences locales<\/span><\/li>\n<li class=\"li1\"><b><\/b><span class=\"s1\"><b>R\u00e9ductions exclusives sur les activit\u00e9s maritimes<\/b>, incluant sorties en bateau, visites des grottes et observation des dauphins<\/span><\/li>\n<\/ul>\n<p class=\"p1\"><span class=\"s1\">Avec Dandy Dog Rentals, vos vacances commencent au bon endroit et se vivent sans stress.<\/span><\/p>\n<p>[\/vc_column_text][\/vc_column_inner][\/vc_row_inner][\/vc_column][\/vc_row][vc_row disable_element=&#8221;yes&#8221; css=&#8221;.vc_custom_1772111591074{margin-bottom: 30px !important;padding-right: 30px !important;padding-left: 30px !important;background-color: #ffffff !important;}&#8221;][vc_column]\t\t<div class=\"homey-module module-title section-title-module text-left \">\r\n\t\t\t<h2 >Our Team<\/h2>\r\n\r\n\t\t\t<p  class=\"sub-heading\"><\/p>\r\n\t\t<\/div>\r\n\t\t<div style=\"clear:both; width:100%; height:20px\"><\/div>[vc_row_inner equal_height=&#8221;yes&#8221;][vc_column_inner width=&#8221;1\/3&#8243;]\t\t<div class=\"item-promo\">\r\n\t\t\t<div class=\"media\">\r\n\t\t\t\t\t\t\t\t<div class=\"item-promo-image\">\r\n\t\t\t\t\t<div class=\"item-media item-media-thumb\">\r\n\t\t\t\t\t\t<a href=\"\">\r\n\t\t\t\t\t\t\t\t\t\t\t\t\t<\/a>\r\n\t\t\t\t\t<\/div>\r\n\t\t\t\t<\/div>\r\n\t\t\t\t\t\t\t\t<div class=\"media-body item-body\">\r\n\t\t\t\t\t<div class=\"item-title-head\">\r\n\t\t\t\t\t\t<div class=\"text-left\">\r\n\t\t\t\t\t\t\t<h2 class=\"title\">\r\n\t\t\t\t\t\t\t\t<a href=\"\">Quality<\/a>\r\n\t\t\t\t\t\t\t<\/h2>\r\n\t\t\t\t\t\t\t<\/p>\n<div class=\"elementor-column elementor-col-33 elementor-inner-column elementor-element elementor-element-7742097\" data-id=\"7742097\" data-element_type=\"column\">\n<div class=\"elementor-column-wrap elementor-element-populated\">\n<div class=\"elementor-widget-wrap\">\n<div class=\"elementor-element elementor-element-fdcf6f3 elementor-widget elementor-widget-text-editor\" data-id=\"fdcf6f3\" data-element_type=\"widget\" data-widget_type=\"text-editor.default\">\n<div class=\"elementor-widget-container\">\n<div class=\"elementor-text-editor elementor-clearfix\">\n<p>Lorem ipsum dolor sit amet, consectetur adipiscing elit. Quisque quis ligula eu lectus vulputate porttitor sed feugiat nunc. Mauris ac consectetur ante, dapibus gravida tellus. Nullam aliquet eleifend dapibus.<\/p>\n<\/div>\n<\/div>\n<\/div>\n<\/div>\n<\/div>\n<\/div>\n<p>\t\t\t\t\t\t<\/div>\r\n\t\t\t\t\t<\/div>\r\n\t\t\t\t\t\t\t\t\t<\/div>\r\n\t\t\t<\/div>\r\n\t\t<\/div>\r\n\r\n\t\t[\/vc_column_inner][vc_column_inner width=&#8221;1\/3&#8243;]\t\t<div class=\"item-promo\">\r\n\t\t\t<div class=\"media\">\r\n\t\t\t\t\t\t\t\t<div class=\"item-promo-image\">\r\n\t\t\t\t\t<div class=\"item-media item-media-thumb\">\r\n\t\t\t\t\t\t<a href=\"\">\r\n\t\t\t\t\t\t\t\t\t\t\t\t\t<\/a>\r\n\t\t\t\t\t<\/div>\r\n\t\t\t\t<\/div>\r\n\t\t\t\t\t\t\t\t<div class=\"media-body item-body\">\r\n\t\t\t\t\t<div class=\"item-title-head\">\r\n\t\t\t\t\t\t<div class=\"text-left\">\r\n\t\t\t\t\t\t\t<h2 class=\"title\">\r\n\t\t\t\t\t\t\t\t<a href=\"\">Teamwork<\/a>\r\n\t\t\t\t\t\t\t<\/h2>\r\n\t\t\t\t\t\t\t<\/p>\n<div class=\"elementor-column elementor-col-33 elementor-inner-column elementor-element elementor-element-7742097\" data-id=\"7742097\" data-element_type=\"column\">\n<div class=\"elementor-column-wrap elementor-element-populated\">\n<div class=\"elementor-widget-wrap\">\n<div class=\"elementor-element elementor-element-fdcf6f3 elementor-widget elementor-widget-text-editor\" data-id=\"fdcf6f3\" data-element_type=\"widget\" data-widget_type=\"text-editor.default\">\n<div class=\"elementor-widget-container\">\n<div class=\"elementor-text-editor elementor-clearfix\">\n<p>Lorem ipsum dolor sit amet, consectetur adipiscing elit. Quisque quis ligula eu lectus vulputate porttitor sed feugiat nunc. Mauris ac consectetur ante, dapibus gravida tellus. Nullam aliquet eleifend dapibus.<\/p>\n<\/div>\n<\/div>\n<\/div>\n<\/div>\n<\/div>\n<\/div>\n<p>\t\t\t\t\t\t<\/div>\r\n\t\t\t\t\t<\/div>\r\n\t\t\t\t\t\t\t\t\t<\/div>\r\n\t\t\t<\/div>\r\n\t\t<\/div>\r\n\r\n\t\t[\/vc_column_inner][vc_column_inner width=&#8221;1\/3&#8243;]\t\t<div class=\"item-promo\">\r\n\t\t\t<div class=\"media\">\r\n\t\t\t\t\t\t\t\t<div class=\"item-promo-image\">\r\n\t\t\t\t\t<div class=\"item-media item-media-thumb\">\r\n\t\t\t\t\t\t<a href=\"\">\r\n\t\t\t\t\t\t\t\t\t\t\t\t\t<\/a>\r\n\t\t\t\t\t<\/div>\r\n\t\t\t\t<\/div>\r\n\t\t\t\t\t\t\t\t<div class=\"media-body item-body\">\r\n\t\t\t\t\t<div class=\"item-title-head\">\r\n\t\t\t\t\t\t<div class=\"text-left\">\r\n\t\t\t\t\t\t\t<h2 class=\"title\">\r\n\t\t\t\t\t\t\t\t<a href=\"\">Respect<\/a>\r\n\t\t\t\t\t\t\t<\/h2>\r\n\t\t\t\t\t\t\t<\/p>\n<div class=\"elementor-column elementor-col-33 elementor-inner-column elementor-element elementor-element-7742097\" data-id=\"7742097\" data-element_type=\"column\">\n<div class=\"elementor-column-wrap elementor-element-populated\">\n<div class=\"elementor-widget-wrap\">\n<div class=\"elementor-element elementor-element-fdcf6f3 elementor-widget elementor-widget-text-editor\" data-id=\"fdcf6f3\" data-element_type=\"widget\" data-widget_type=\"text-editor.default\">\n<div class=\"elementor-widget-container\">\n<div class=\"elementor-text-editor elementor-clearfix\">\n<p>Lorem ipsum dolor sit amet, consectetur adipiscing elit. Quisque quis ligula eu lectus vulputate porttitor sed feugiat nunc. Mauris ac consectetur ante, dapibus gravida tellus. Nullam aliquet eleifend dapibus.<\/p>\n<\/div>\n<\/div>\n<\/div>\n<\/div>\n<\/div>\n<\/div>\n<p>\t\t\t\t\t\t<\/div>\r\n\t\t\t\t\t<\/div>\r\n\t\t\t\t\t\t\t\t\t<\/div>\r\n\t\t\t<\/div>\r\n\t\t<\/div>\r\n\r\n\t\t[\/vc_column_inner][\/vc_row_inner][vc_row_inner equal_height=&#8221;yes&#8221;][vc_column_inner width=&#8221;1\/3&#8243;]\t\t<div class=\"item-promo\">\r\n\t\t\t<div class=\"media\">\r\n\t\t\t\t\t\t\t\t<div class=\"item-promo-image\">\r\n\t\t\t\t\t<div class=\"item-media item-media-thumb\">\r\n\t\t\t\t\t\t<a href=\"\">\r\n\t\t\t\t\t\t\t<img width=\"750\" height=\"500\" src=\"https:\/\/alalgarverentals.com\/wp-content\/uploads\/2018\/10\/33-750x500-1.jpg\" class=\"img-responsive\" alt=\"\" decoding=\"async\" loading=\"lazy\" srcset=\"https:\/\/alalgarverentals.com\/wp-content\/uploads\/2018\/10\/33-750x500-1.jpg 750w, https:\/\/alalgarverentals.com\/wp-content\/uploads\/2018\/10\/33-750x500-1-300x200.jpg 300w, https:\/\/alalgarverentals.com\/wp-content\/uploads\/2018\/10\/33-750x500-1-450x300.jpg 450w, https:\/\/alalgarverentals.com\/wp-content\/uploads\/2018\/10\/33-750x500-1-120x80.jpg 120w\" sizes=\"(max-width: 750px) 100vw, 750px\" \/>\t\t\t\t\t\t<\/a>\r\n\t\t\t\t\t<\/div>\r\n\t\t\t\t<\/div>\r\n\t\t\t\t\t\t\t\t<div class=\"media-body item-body\">\r\n\t\t\t\t\t<div class=\"item-title-head\">\r\n\t\t\t\t\t\t<div class=\"text-left\">\r\n\t\t\t\t\t\t\t<h2 class=\"title\">\r\n\t\t\t\t\t\t\t\t<a href=\"\">Integrity<\/a>\r\n\t\t\t\t\t\t\t<\/h2>\r\n\t\t\t\t\t\t\t<\/p>\n<div class=\"elementor-column elementor-col-33 elementor-inner-column elementor-element elementor-element-7742097\" data-id=\"7742097\" data-element_type=\"column\">\n<div class=\"elementor-column-wrap elementor-element-populated\">\n<div class=\"elementor-widget-wrap\">\n<div class=\"elementor-element elementor-element-fdcf6f3 elementor-widget elementor-widget-text-editor\" data-id=\"fdcf6f3\" data-element_type=\"widget\" data-widget_type=\"text-editor.default\">\n<div class=\"elementor-widget-container\">\n<div class=\"elementor-text-editor elementor-clearfix\">\n<p>Lorem ipsum dolor sit amet, consectetur adipiscing elit. Quisque quis ligula eu lectus vulputate porttitor sed feugiat nunc. Mauris ac consectetur ante, dapibus gravida tellus. Nullam aliquet eleifend dapibus.<\/p>\n<\/div>\n<\/div>\n<\/div>\n<\/div>\n<\/div>\n<\/div>\n<p>\t\t\t\t\t\t<\/div>\r\n\t\t\t\t\t<\/div>\r\n\t\t\t\t\t\t\t\t\t<\/div>\r\n\t\t\t<\/div>\r\n\t\t<\/div>\r\n\r\n\t\t[\/vc_column_inner][vc_column_inner width=&#8221;1\/3&#8243;]\t\t<div class=\"item-promo\">\r\n\t\t\t<div class=\"media\">\r\n\t\t\t\t\t\t\t\t<div class=\"item-promo-image\">\r\n\t\t\t\t\t<div class=\"item-media item-media-thumb\">\r\n\t\t\t\t\t\t<a href=\"\">\r\n\t\t\t\t\t\t\t<img width=\"889\" height=\"500\" src=\"https:\/\/alalgarverentals.com\/wp-content\/uploads\/2018\/10\/02-2-889x500-1.jpg\" class=\"img-responsive\" alt=\"\" decoding=\"async\" loading=\"lazy\" srcset=\"https:\/\/alalgarverentals.com\/wp-content\/uploads\/2018\/10\/02-2-889x500-1.jpg 889w, https:\/\/alalgarverentals.com\/wp-content\/uploads\/2018\/10\/02-2-889x500-1-300x169.jpg 300w, https:\/\/alalgarverentals.com\/wp-content\/uploads\/2018\/10\/02-2-889x500-1-768x432.jpg 768w\" sizes=\"(max-width: 889px) 100vw, 889px\" \/>\t\t\t\t\t\t<\/a>\r\n\t\t\t\t\t<\/div>\r\n\t\t\t\t<\/div>\r\n\t\t\t\t\t\t\t\t<div class=\"media-body item-body\">\r\n\t\t\t\t\t<div class=\"item-title-head\">\r\n\t\t\t\t\t\t<div class=\"text-left\">\r\n\t\t\t\t\t\t\t<h2 class=\"title\">\r\n\t\t\t\t\t\t\t\t<a href=\"\">Responsibility<\/a>\r\n\t\t\t\t\t\t\t<\/h2>\r\n\t\t\t\t\t\t\t<\/p>\n<div class=\"elementor-column elementor-col-33 elementor-inner-column elementor-element elementor-element-7742097\" data-id=\"7742097\" data-element_type=\"column\">\n<div class=\"elementor-column-wrap elementor-element-populated\">\n<div class=\"elementor-widget-wrap\">\n<div class=\"elementor-element elementor-element-fdcf6f3 elementor-widget elementor-widget-text-editor\" data-id=\"fdcf6f3\" data-element_type=\"widget\" data-widget_type=\"text-editor.default\">\n<div class=\"elementor-widget-container\">\n<div class=\"elementor-text-editor elementor-clearfix\">\n<p>Lorem ipsum dolor sit amet, consectetur adipiscing elit. Quisque quis ligula eu lectus vulputate porttitor sed feugiat nunc. Mauris ac consectetur ante, dapibus gravida tellus. Nullam aliquet eleifend dapibus.<\/p>\n<\/div>\n<\/div>\n<\/div>\n<\/div>\n<\/div>\n<\/div>\n<p>\t\t\t\t\t\t<\/div>\r\n\t\t\t\t\t<\/div>\r\n\t\t\t\t\t\t\t\t\t<\/div>\r\n\t\t\t<\/div>\r\n\t\t<\/div>\r\n\r\n\t\t[\/vc_column_inner][vc_column_inner width=&#8221;1\/3&#8243;]\t\t<div class=\"item-promo\">\r\n\t\t\t<div class=\"media\">\r\n\t\t\t\t\t\t\t\t<div class=\"item-promo-image\">\r\n\t\t\t\t\t<div class=\"item-media item-media-thumb\">\r\n\t\t\t\t\t\t<a href=\"\">\r\n\t\t\t\t\t\t\t<img width=\"750\" height=\"500\" src=\"https:\/\/alalgarverentals.com\/wp-content\/uploads\/2018\/10\/00_bathroom-2-750x500-2.jpg\" class=\"img-responsive\" alt=\"\" decoding=\"async\" loading=\"lazy\" srcset=\"https:\/\/alalgarverentals.com\/wp-content\/uploads\/2018\/10\/00_bathroom-2-750x500-2.jpg 750w, https:\/\/alalgarverentals.com\/wp-content\/uploads\/2018\/10\/00_bathroom-2-750x500-2-300x200.jpg 300w, https:\/\/alalgarverentals.com\/wp-content\/uploads\/2018\/10\/00_bathroom-2-750x500-2-450x300.jpg 450w, https:\/\/alalgarverentals.com\/wp-content\/uploads\/2018\/10\/00_bathroom-2-750x500-2-120x80.jpg 120w\" sizes=\"(max-width: 750px) 100vw, 750px\" \/>\t\t\t\t\t\t<\/a>\r\n\t\t\t\t\t<\/div>\r\n\t\t\t\t<\/div>\r\n\t\t\t\t\t\t\t\t<div class=\"media-body item-body\">\r\n\t\t\t\t\t<div class=\"item-title-head\">\r\n\t\t\t\t\t\t<div class=\"text-left\">\r\n\t\t\t\t\t\t\t<h2 class=\"title\">\r\n\t\t\t\t\t\t\t\t<a href=\"\">Innovative<\/a>\r\n\t\t\t\t\t\t\t<\/h2>\r\n\t\t\t\t\t\t\t<\/p>\n<div class=\"elementor-column elementor-col-33 elementor-inner-column elementor-element elementor-element-7742097\" data-id=\"7742097\" data-element_type=\"column\">\n<div class=\"elementor-column-wrap elementor-element-populated\">\n<div class=\"elementor-widget-wrap\">\n<div class=\"elementor-element elementor-element-fdcf6f3 elementor-widget elementor-widget-text-editor\" data-id=\"fdcf6f3\" data-element_type=\"widget\" data-widget_type=\"text-editor.default\">\n<div class=\"elementor-widget-container\">\n<div class=\"elementor-text-editor elementor-clearfix\">\n<p>Lorem ipsum dolor sit amet, consectetur adipiscing elit. Quisque quis ligula eu lectus vulputate porttitor sed feugiat nunc. Mauris ac consectetur ante, dapibus gravida tellus. Nullam aliquet eleifend dapibus.<\/p>\n<\/div>\n<\/div>\n<\/div>\n<\/div>\n<\/div>\n<\/div>\n<p>\t\t\t\t\t\t<\/div>\r\n\t\t\t\t\t<\/div>\r\n\t\t\t\t\t\t\t\t\t<\/div>\r\n\t\t\t<\/div>\r\n\t\t<\/div>\r\n\r\n\t\t[\/vc_column_inner][\/vc_row_inner][\/vc_column][\/vc_row]<\/p>","protected":false},"excerpt":{"rendered":"<p>[vc_row css=&#8221;.vc_custom_1540484653733{margin-bottom: 30px !important;padding-right: 30px !important;padding-left: 30px !important;background-color: #ffffff !important;}&#8221;][vc_column][vc_row_inner][vc_column_inner][vc_column_text] Chez Dandy Dog Rentals, nous b\u00e9n\u00e9ficions de plus de 15 ans d\u2019exp\u00e9rience dans la location de maisons de vacances, offrant des s\u00e9jours confortables, fiables et sans souci. Depuis de nombreuses ann\u00e9es, nous aidons nos clients \u00e0 d\u00e9couvrir l\u2019Algarve en toute s\u00e9r\u00e9nit\u00e9. Chaque propri\u00e9t\u00e9 est s\u00e9lectionn\u00e9e [&hellip;]<\/p>\n","protected":false},"author":1,"featured_media":0,"parent":0,"menu_order":0,"comment_status":"closed","ping_status":"closed","template":"template\/template-homepage.php","meta":{"inline_featured_image":false,"_joinchat":[]},"_links":{"self":[{"href":"https:\/\/alalgarverentals.com\/fr\/wp-json\/wp\/v2\/pages\/1292"}],"collection":[{"href":"https:\/\/alalgarverentals.com\/fr\/wp-json\/wp\/v2\/pages"}],"about":[{"href":"https:\/\/alalgarverentals.com\/fr\/wp-json\/wp\/v2\/types\/page"}],"author":[{"embeddable":true,"href":"https:\/\/alalgarverentals.com\/fr\/wp-json\/wp\/v2\/users\/1"}],"replies":[{"embeddable":true,"href":"https:\/\/alalgarverentals.com\/fr\/wp-json\/wp\/v2\/comments?post=1292"}],"version-history":[{"count":7,"href":"https:\/\/alalgarverentals.com\/fr\/wp-json\/wp\/v2\/pages\/1292\/revisions"}],"predecessor-version":[{"id":3289,"href":"https:\/\/alalgarverentals.com\/fr\/wp-json\/wp\/v2\/pages\/1292\/revisions\/3289"}],"wp:attachment":[{"href":"https:\/\/alalgarverentals.com\/fr\/wp-json\/wp\/v2\/media?parent=1292"}],"curies":[{"name":"wp","href":"https:\/\/api.w.org\/{rel}","templated":true}]}}