{"id":3,"date":"2020-12-11T11:30:19","date_gmt":"2020-12-11T11:30:19","guid":{"rendered":"https:\/\/castrosinn.com\/?page_id=3"},"modified":"2026-02-24T17:26:45","modified_gmt":"2026-02-24T17:26:45","slug":"politica-privacidade","status":"publish","type":"page","link":"https:\/\/alalgarverentals.com\/de\/politica-privacidade\/","title":{"rendered":"Datenschutzerkl\u00e4rung"},"content":{"rendered":"<p class=\"p1\"><span class=\"s1\"><b>Dandy Dog Rentals<\/b> legt gro\u00dfen Wert auf den Schutz Ihrer personenbezogenen Daten.<br \/>Erhobene Daten (Name, E-Mail, Telefonnummer oder Buchungsdaten) werden ausschlie\u00dflich zur Abwicklung von Buchungen und zur Kundenkommunikation verwendet.<\/span><\/p>\r\n<p class=\"p1\"><span class=\"s1\">Personenbezogene Daten werden nicht verkauft oder an Dritte weitergegeben, au\u00dfer wenn dies zur Leistungserbringung oder gesetzlich erforderlich ist.<br \/>Nutzer haben das Recht auf Auskunft, Berichtigung oder L\u00f6schung ihrer Daten gem\u00e4\u00df den geltenden Gesetzen.<\/span><\/p>","protected":false},"excerpt":{"rendered":"<p>Dandy Dog Rentals legt gro\u00dfen Wert auf den Schutz Ihrer personenbezogenen Daten.Erhobene Daten (Name, E-Mail, Telefonnummer oder Buchungsdaten) werden ausschlie\u00dflich zur Abwicklung von Buchungen und zur Kundenkommunikation verwendet. Personenbezogene Daten werden nicht verkauft oder an Dritte weitergegeben, au\u00dfer wenn dies zur Leistungserbringung oder gesetzlich erforderlich ist.Nutzer haben das Recht auf Auskunft, Berichtigung oder L\u00f6schung ihrer [&hellip;]<\/p>\n","protected":false},"author":1,"featured_media":0,"parent":0,"menu_order":0,"comment_status":"closed","ping_status":"open","template":"","meta":{"inline_featured_image":false,"_joinchat":[]},"_links":{"self":[{"href":"https:\/\/alalgarverentals.com\/de\/wp-json\/wp\/v2\/pages\/3"}],"collection":[{"href":"https:\/\/alalgarverentals.com\/de\/wp-json\/wp\/v2\/pages"}],"about":[{"href":"https:\/\/alalgarverentals.com\/de\/wp-json\/wp\/v2\/types\/page"}],"author":[{"embeddable":true,"href":"https:\/\/alalgarverentals.com\/de\/wp-json\/wp\/v2\/users\/1"}],"replies":[{"embeddable":true,"href":"https:\/\/alalgarverentals.com\/de\/wp-json\/wp\/v2\/comments?post=3"}],"version-history":[{"count":2,"href":"https:\/\/alalgarverentals.com\/de\/wp-json\/wp\/v2\/pages\/3\/revisions"}],"predecessor-version":[{"id":3188,"href":"https:\/\/alalgarverentals.com\/de\/wp-json\/wp\/v2\/pages\/3\/revisions\/3188"}],"wp:attachment":[{"href":"https:\/\/alalgarverentals.com\/de\/wp-json\/wp\/v2\/media?parent=3"}],"curies":[{"name":"wp","href":"https:\/\/api.w.org\/{rel}","templated":true}]}}