{"id":2302,"date":"2021-02-10T16:06:46","date_gmt":"2021-02-10T16:06:46","guid":{"rendered":"https:\/\/castrosinn.com\/?page_id=2302"},"modified":"2026-02-24T17:24:19","modified_gmt":"2026-02-24T17:24:19","slug":"terms-and-conditions","status":"publish","type":"page","link":"https:\/\/alalgarverentals.com\/de\/terms-and-conditions\/","title":{"rendered":"Allgemeine Gesch\u00e4ftsbedingungen"},"content":{"rendered":"<p>[vc_row][vc_column][vc_column_text]<\/p>\r\n<p class=\"p1\"><span class=\"s1\">Durch die Nutzung dieser Website und eine Buchung bei <b>Dandy Dog Rentals<\/b> akzeptieren Sie diese Bedingungen.<br \/>Alle Buchungen erfolgen vorbehaltlich Verf\u00fcgbarkeit und Best\u00e4tigung. Zahlungs- und Stornobedingungen werden bei der Buchung mitgeteilt.<br \/>Die Unterk\u00fcnfte sind ausschlie\u00dflich f\u00fcr Urlaubsaufenthalte bestimmt.<br \/>Dandy Dog Rentals haftet nicht f\u00fcr Sch\u00e4den, au\u00dfer gesetzlich vorgeschrieben.<br \/>Zusatzleistungen werden von Drittanbietern erbracht.<br \/>Es gilt portugiesisches Recht.<\/span><\/p>\r\n<p>[\/vc_column_text][\/vc_column][\/vc_row]<\/p>","protected":false},"excerpt":{"rendered":"<p>[vc_row][vc_column][vc_column_text] Durch die Nutzung dieser Website und eine Buchung bei Dandy Dog Rentals akzeptieren Sie diese Bedingungen.Alle Buchungen erfolgen vorbehaltlich Verf\u00fcgbarkeit und Best\u00e4tigung. Zahlungs- und Stornobedingungen werden bei der Buchung mitgeteilt.Die Unterk\u00fcnfte sind ausschlie\u00dflich f\u00fcr Urlaubsaufenthalte bestimmt.Dandy Dog Rentals haftet nicht f\u00fcr Sch\u00e4den, au\u00dfer gesetzlich vorgeschrieben.Zusatzleistungen werden von Drittanbietern erbracht.Es gilt portugiesisches Recht. [\/vc_column_text][\/vc_column][\/vc_row]<\/p>\n","protected":false},"author":1,"featured_media":0,"parent":0,"menu_order":0,"comment_status":"closed","ping_status":"open","template":"","meta":{"inline_featured_image":false,"_joinchat":[]},"_links":{"self":[{"href":"https:\/\/alalgarverentals.com\/de\/wp-json\/wp\/v2\/pages\/2302"}],"collection":[{"href":"https:\/\/alalgarverentals.com\/de\/wp-json\/wp\/v2\/pages"}],"about":[{"href":"https:\/\/alalgarverentals.com\/de\/wp-json\/wp\/v2\/types\/page"}],"author":[{"embeddable":true,"href":"https:\/\/alalgarverentals.com\/de\/wp-json\/wp\/v2\/users\/1"}],"replies":[{"embeddable":true,"href":"https:\/\/alalgarverentals.com\/de\/wp-json\/wp\/v2\/comments?post=2302"}],"version-history":[{"count":2,"href":"https:\/\/alalgarverentals.com\/de\/wp-json\/wp\/v2\/pages\/2302\/revisions"}],"predecessor-version":[{"id":3187,"href":"https:\/\/alalgarverentals.com\/de\/wp-json\/wp\/v2\/pages\/2302\/revisions\/3187"}],"wp:attachment":[{"href":"https:\/\/alalgarverentals.com\/de\/wp-json\/wp\/v2\/media?parent=2302"}],"curies":[{"name":"wp","href":"https:\/\/api.w.org\/{rel}","templated":true}]}}